{"id":565,"date":"2025-03-12T00:03:45","date_gmt":"2025-03-11T22:03:45","guid":{"rendered":"https:\/\/darkslateblue-sheep-983564.hostingersite.com\/about-krassky\/"},"modified":"2025-09-18T14:49:08","modified_gmt":"2025-09-18T11:49:08","slug":"about-krassky","status":"publish","type":"page","link":"https:\/\/www.krassky.com\/lv\/about-krassky\/","title":{"rendered":"Par Krassky"},"content":{"rendered":"","protected":false},"excerpt":{"rendered":"","protected":false},"author":1,"featured_media":0,"parent":0,"menu_order":0,"comment_status":"closed","ping_status":"closed","template":"builder.php","meta":[],"class_list":["post-565","page","type-page","status-publish","hentry"],"acf":[],"yoast_head":"<!-- This site is optimized with the Yoast SEO plugin v26.5 - https:\/\/yoast.com\/wordpress\/plugins\/seo\/ -->\n<title>Interjera Dizaina Studija | KRASSKY<\/title>\n<meta name=\"description\" content=\"Iepaz\u012bstiet KRASSKY k\u0101 vizion\u0101ras interjera dizaina studijas ce\u013cu, kas no jauna defin\u0113 premium interjeru, izmantojot inovat\u012bvas tehnolo\u0123ijas, amatnieku meistar\u012bbu un ap\u0146em\u0161anos nodro\u0161in\u0101t dz\u012bves kvalit\u0101ti. Iepaz\u012bstieties ar m\u016bsu filozofiju un dizaina v\u0113rt\u012bb\u0101m.\" \/>\n<meta name=\"robots\" content=\"index, follow, max-snippet:-1, max-image-preview:large, max-video-preview:-1\" \/>\n<link rel=\"canonical\" href=\"https:\/\/www.krassky.com\/lv\/about-krassky\/\" \/>\n<meta property=\"og:locale\" content=\"lv_LV\" \/>\n<meta property=\"og:type\" content=\"article\" \/>\n<meta property=\"og:title\" content=\"Interjera Dizaina Studija | KRASSKY\" \/>\n<meta property=\"og:description\" content=\"Iepaz\u012bstiet KRASSKY k\u0101 vizion\u0101ras interjera dizaina studijas ce\u013cu, kas no jauna defin\u0113 premium interjeru, izmantojot inovat\u012bvas tehnolo\u0123ijas, amatnieku meistar\u012bbu un ap\u0146em\u0161anos nodro\u0161in\u0101t dz\u012bves kvalit\u0101ti. Iepaz\u012bstieties ar m\u016bsu filozofiju un dizaina v\u0113rt\u012bb\u0101m.\" \/>\n<meta property=\"og:url\" content=\"https:\/\/www.krassky.com\/lv\/about-krassky\/\" \/>\n<meta property=\"og:site_name\" content=\"KRASSKY\" \/>\n<meta property=\"article:publisher\" content=\"https:\/\/www.facebook.com\/krassky.lv\/\" \/>\n<meta property=\"article:modified_time\" content=\"2025-09-18T11:49:08+00:00\" \/>\n<meta property=\"og:image\" content=\"https:\/\/www.krassky.com\/wp-content\/uploads\/2025\/03\/krassky-thumbnail-xomp.png\" \/>\n\t<meta property=\"og:image:width\" content=\"1920\" \/>\n\t<meta property=\"og:image:height\" content=\"1080\" \/>\n\t<meta property=\"og:image:type\" content=\"image\/png\" \/>\n<meta name=\"twitter:card\" content=\"summary_large_image\" \/>\n<script type=\"application\/ld+json\" class=\"yoast-schema-graph\">{\"@context\":\"https:\/\/schema.org\",\"@graph\":[{\"@type\":\"WebPage\",\"@id\":\"https:\/\/www.krassky.com\/lv\/about-krassky\/\",\"url\":\"https:\/\/www.krassky.com\/lv\/about-krassky\/\",\"name\":\"Interjera Dizaina Studija | KRASSKY\",\"isPartOf\":{\"@id\":\"https:\/\/www.krassky.com\/lv\/#website\"},\"datePublished\":\"2025-03-11T22:03:45+00:00\",\"dateModified\":\"2025-09-18T11:49:08+00:00\",\"description\":\"Iepaz\u012bstiet KRASSKY k\u0101 vizion\u0101ras interjera dizaina studijas ce\u013cu, kas no jauna defin\u0113 premium interjeru, izmantojot inovat\u012bvas tehnolo\u0123ijas, amatnieku meistar\u012bbu un ap\u0146em\u0161anos nodro\u0161in\u0101t dz\u012bves kvalit\u0101ti. Iepaz\u012bstieties ar m\u016bsu filozofiju un dizaina v\u0113rt\u012bb\u0101m.\",\"breadcrumb\":{\"@id\":\"https:\/\/www.krassky.com\/lv\/about-krassky\/#breadcrumb\"},\"inLanguage\":\"lv-LV\",\"potentialAction\":[{\"@type\":\"ReadAction\",\"target\":[\"https:\/\/www.krassky.com\/lv\/about-krassky\/\"]}]},{\"@type\":\"BreadcrumbList\",\"@id\":\"https:\/\/www.krassky.com\/lv\/about-krassky\/#breadcrumb\",\"itemListElement\":[{\"@type\":\"ListItem\",\"position\":1,\"name\":\"Home\",\"item\":\"https:\/\/www.krassky.com\/lv\/\"},{\"@type\":\"ListItem\",\"position\":2,\"name\":\"Par Krassky\"}]},{\"@type\":\"WebSite\",\"@id\":\"https:\/\/www.krassky.com\/lv\/#website\",\"url\":\"https:\/\/www.krassky.com\/lv\/\",\"name\":\"KRASSKY\",\"description\":\"Interjera dizaina studija\",\"publisher\":{\"@id\":\"https:\/\/www.krassky.com\/lv\/#organization\"},\"potentialAction\":[{\"@type\":\"SearchAction\",\"target\":{\"@type\":\"EntryPoint\",\"urlTemplate\":\"https:\/\/www.krassky.com\/lv\/?s={search_term_string}\"},\"query-input\":{\"@type\":\"PropertyValueSpecification\",\"valueRequired\":true,\"valueName\":\"search_term_string\"}}],\"inLanguage\":\"lv-LV\"},{\"@type\":\"Organization\",\"@id\":\"https:\/\/www.krassky.com\/lv\/#organization\",\"name\":\"KRASSKY\",\"url\":\"https:\/\/www.krassky.com\/lv\/\",\"logo\":{\"@type\":\"ImageObject\",\"inLanguage\":\"lv-LV\",\"@id\":\"https:\/\/www.krassky.com\/lv\/#\/schema\/logo\/image\/\",\"url\":\"https:\/\/krassky.com\/wp-content\/uploads\/2025\/03\/logo.svg\",\"contentUrl\":\"https:\/\/krassky.com\/wp-content\/uploads\/2025\/03\/logo.svg\",\"width\":1,\"height\":1,\"caption\":\"KRASSKY\"},\"image\":{\"@id\":\"https:\/\/www.krassky.com\/lv\/#\/schema\/logo\/image\/\"},\"sameAs\":[\"https:\/\/www.facebook.com\/krassky.lv\/\",\"https:\/\/www.instagram.com\/krassky.lv\/\",\"https:\/\/www.linkedin.com\/company\/krassky-sia\/\",\"https:\/\/www.youtube.com\/@krassky9027\"]}]}<\/script>\n<!-- \/ Yoast SEO plugin. -->","yoast_head_json":{"title":"Interjera Dizaina Studija | KRASSKY","description":"Iepaz\u012bstiet KRASSKY k\u0101 vizion\u0101ras interjera dizaina studijas ce\u013cu, kas no jauna defin\u0113 premium interjeru, izmantojot inovat\u012bvas tehnolo\u0123ijas, amatnieku meistar\u012bbu un ap\u0146em\u0161anos nodro\u0161in\u0101t dz\u012bves kvalit\u0101ti. Iepaz\u012bstieties ar m\u016bsu filozofiju un dizaina v\u0113rt\u012bb\u0101m.","robots":{"index":"index","follow":"follow","max-snippet":"max-snippet:-1","max-image-preview":"max-image-preview:large","max-video-preview":"max-video-preview:-1"},"canonical":"https:\/\/www.krassky.com\/lv\/about-krassky\/","og_locale":"lv_LV","og_type":"article","og_title":"Interjera Dizaina Studija | KRASSKY","og_description":"Iepaz\u012bstiet KRASSKY k\u0101 vizion\u0101ras interjera dizaina studijas ce\u013cu, kas no jauna defin\u0113 premium interjeru, izmantojot inovat\u012bvas tehnolo\u0123ijas, amatnieku meistar\u012bbu un ap\u0146em\u0161anos nodro\u0161in\u0101t dz\u012bves kvalit\u0101ti. Iepaz\u012bstieties ar m\u016bsu filozofiju un dizaina v\u0113rt\u012bb\u0101m.","og_url":"https:\/\/www.krassky.com\/lv\/about-krassky\/","og_site_name":"KRASSKY","article_publisher":"https:\/\/www.facebook.com\/krassky.lv\/","article_modified_time":"2025-09-18T11:49:08+00:00","og_image":[{"width":1920,"height":1080,"url":"https:\/\/www.krassky.com\/wp-content\/uploads\/2025\/03\/krassky-thumbnail-xomp.png","type":"image\/png"}],"twitter_card":"summary_large_image","schema":{"@context":"https:\/\/schema.org","@graph":[{"@type":"WebPage","@id":"https:\/\/www.krassky.com\/lv\/about-krassky\/","url":"https:\/\/www.krassky.com\/lv\/about-krassky\/","name":"Interjera Dizaina Studija | KRASSKY","isPartOf":{"@id":"https:\/\/www.krassky.com\/lv\/#website"},"datePublished":"2025-03-11T22:03:45+00:00","dateModified":"2025-09-18T11:49:08+00:00","description":"Iepaz\u012bstiet KRASSKY k\u0101 vizion\u0101ras interjera dizaina studijas ce\u013cu, kas no jauna defin\u0113 premium interjeru, izmantojot inovat\u012bvas tehnolo\u0123ijas, amatnieku meistar\u012bbu un ap\u0146em\u0161anos nodro\u0161in\u0101t dz\u012bves kvalit\u0101ti. Iepaz\u012bstieties ar m\u016bsu filozofiju un dizaina v\u0113rt\u012bb\u0101m.","breadcrumb":{"@id":"https:\/\/www.krassky.com\/lv\/about-krassky\/#breadcrumb"},"inLanguage":"lv-LV","potentialAction":[{"@type":"ReadAction","target":["https:\/\/www.krassky.com\/lv\/about-krassky\/"]}]},{"@type":"BreadcrumbList","@id":"https:\/\/www.krassky.com\/lv\/about-krassky\/#breadcrumb","itemListElement":[{"@type":"ListItem","position":1,"name":"Home","item":"https:\/\/www.krassky.com\/lv\/"},{"@type":"ListItem","position":2,"name":"Par Krassky"}]},{"@type":"WebSite","@id":"https:\/\/www.krassky.com\/lv\/#website","url":"https:\/\/www.krassky.com\/lv\/","name":"KRASSKY","description":"Interjera dizaina studija","publisher":{"@id":"https:\/\/www.krassky.com\/lv\/#organization"},"potentialAction":[{"@type":"SearchAction","target":{"@type":"EntryPoint","urlTemplate":"https:\/\/www.krassky.com\/lv\/?s={search_term_string}"},"query-input":{"@type":"PropertyValueSpecification","valueRequired":true,"valueName":"search_term_string"}}],"inLanguage":"lv-LV"},{"@type":"Organization","@id":"https:\/\/www.krassky.com\/lv\/#organization","name":"KRASSKY","url":"https:\/\/www.krassky.com\/lv\/","logo":{"@type":"ImageObject","inLanguage":"lv-LV","@id":"https:\/\/www.krassky.com\/lv\/#\/schema\/logo\/image\/","url":"https:\/\/krassky.com\/wp-content\/uploads\/2025\/03\/logo.svg","contentUrl":"https:\/\/krassky.com\/wp-content\/uploads\/2025\/03\/logo.svg","width":1,"height":1,"caption":"KRASSKY"},"image":{"@id":"https:\/\/www.krassky.com\/lv\/#\/schema\/logo\/image\/"},"sameAs":["https:\/\/www.facebook.com\/krassky.lv\/","https:\/\/www.instagram.com\/krassky.lv\/","https:\/\/www.linkedin.com\/company\/krassky-sia\/","https:\/\/www.youtube.com\/@krassky9027"]}]}},"_links":{"self":[{"href":"https:\/\/www.krassky.com\/lv\/wp-json\/wp\/v2\/pages\/565","targetHints":{"allow":["GET"]}}],"collection":[{"href":"https:\/\/www.krassky.com\/lv\/wp-json\/wp\/v2\/pages"}],"about":[{"href":"https:\/\/www.krassky.com\/lv\/wp-json\/wp\/v2\/types\/page"}],"author":[{"embeddable":true,"href":"https:\/\/www.krassky.com\/lv\/wp-json\/wp\/v2\/users\/1"}],"replies":[{"embeddable":true,"href":"https:\/\/www.krassky.com\/lv\/wp-json\/wp\/v2\/comments?post=565"}],"version-history":[{"count":1,"href":"https:\/\/www.krassky.com\/lv\/wp-json\/wp\/v2\/pages\/565\/revisions"}],"predecessor-version":[{"id":776,"href":"https:\/\/www.krassky.com\/lv\/wp-json\/wp\/v2\/pages\/565\/revisions\/776"}],"wp:attachment":[{"href":"https:\/\/www.krassky.com\/lv\/wp-json\/wp\/v2\/media?parent=565"}],"curies":[{"name":"wp","href":"https:\/\/api.w.org\/{rel}","templated":true}]}}